{"id":4011,"date":"2016-11-25T10:23:57","date_gmt":"2016-11-25T09:23:57","guid":{"rendered":"http:\/\/www.webnauta.it\/wordpress\/?page_id=4011"},"modified":"2017-12-10T22:42:50","modified_gmt":"2017-12-10T21:42:50","slug":"racconti-contest-2016","status":"publish","type":"page","link":"https:\/\/www.webnauta.it\/wordpress\/racconti-contest-2016\/","title":{"rendered":"Racconti per il contest Primo Compleanno"},"content":{"rendered":"<p><a href=\"http:\/\/www.webnauta.it\/wordpress\/wp-content\/uploads\/2016\/11\/Contest_webnauta.png\"><img loading=\"lazy\" decoding=\"async\" class=\"size-full wp-image-3761 aligncenter\" src=\"http:\/\/www.webnauta.it\/wordpress\/wp-content\/uploads\/2016\/11\/Contest_webnauta.png\" alt=\"Un contest per festeggiare il compleanno di webnauta!\" width=\"640\" height=\"425\" srcset=\"https:\/\/www.webnauta.it\/wordpress\/wp-content\/uploads\/2016\/11\/Contest_webnauta.png 640w, https:\/\/www.webnauta.it\/wordpress\/wp-content\/uploads\/2016\/11\/Contest_webnauta-300x199.png 300w, https:\/\/www.webnauta.it\/wordpress\/wp-content\/uploads\/2016\/11\/Contest_webnauta-600x398.png 600w, https:\/\/www.webnauta.it\/wordpress\/wp-content\/uploads\/2016\/11\/Contest_webnauta-220x146.png 220w\" sizes=\"auto, (max-width: 640px) 100vw, 640px\" \/><\/a><\/p>\n<p>&nbsp;<\/p>\n<p>Riportiamo di seguito, in ordine di arrivo, i racconti inviati dai partecipanti non blogger per il contest del primo compleanno di webnauta. L&#8217;elenco completo dei concorrenti in gara nell&#8217;articolo <span style=\"color: #f34d51;\"><strong><a style=\"color: #f34d51;\" href=\"http:\/\/www.webnauta.it\/wordpress\/contest-primo-compleanno\/\" target=\"_blank\" rel=\"noopener\">Un compleanno, un contest, un premio! Pronti per il viaggio?\u00a0<\/a><\/strong><\/span><\/p>\n<p>&nbsp;<\/p>\n<p>&nbsp;<\/p>\n<h2><a name=\"capoagulhas\"><\/a>Capo Agulhas<\/h2>\n<p>di Paolo Forte<\/p>\n<p style=\"text-align: right;\">Capo Agulhas, 20 luglio 1720<\/p>\n<p><em>Mia adorata Helene,<\/em><br \/>\n<em>mi aspettano settimane, forse mesi, di profonda sofferenza. <\/em><br \/>\n<em>Soltanto al mio ritorno in Olanda potr\u00f2 sapere se queste mie poche righe ti avranno mai raggiunta. Invidio il Capitano Van Riebeeck, l\u2019uomo cui ho affidato il compito di consegnarti le mie parole, perch\u00e9 potr\u00e0 vedere il tuo delizioso volto assai prima di me. \u00c8 un uomo d\u2019onore e sono certo che manterr\u00e0 fede alla parola data.<\/em><br \/>\n<em>Nostro Signore mi ha fatto dono di pregi e abilit\u00e0, primo tra tutti l\u2019amore per lo studio, ma ha lesinato in coraggio. A causa di questa mia mancanza, non ho mai potuto metterti al corrente dei miei sentimenti e ora intendo rimediare a tanta stupidit\u00e0.<\/em><br \/>\n<em>Ti chiederai, di certo, cosa mi ha dato la forza di combattere la codardia: non avrei potuto forse dichiararmi in una delle innumerevoli occasioni di visita alla tua pasticceria? <\/em><br \/>\n<em>Quanto vorrei essere l\u00ec, seduto al tavolo d\u2019angolo, vicino la tenda verde della vetrina! Ricordo bene i miei tentativi di non mettere mai fine a quei momenti, di far durare la tua deliziosa rose cheesecake il pi\u00f9 a lungo possibile.<\/em><br \/>\n<em>Ti apparir\u00f2 di certo un ruffiano dedito alla piaggeria. Lascio, allora, che i fatti parlino per me.<\/em><br \/>\n<em>Data la mia passione per la botanica, decisi di seguire il lavoro di un farmacista, cos\u00ec da apprenderne il mestiere. Lo aiutavo nella scelta delle essenze vegetali, preparavo misture, unguenti, impacchi. Mantenevo in ordine l\u2019erbario e i documenti del vasto archivio. Tra quei fogli un giorno rinvenni il manoscritto di un esploratore che descriveva la ricchezza naturale delle remote terre meridionali d\u2019Africa. Specie sconosciute che attendevano qualcuno che le classificasse e ne scoprisse le propriet\u00e0 medicamentose. <\/em><br \/>\n<em>Il buon Signore mi aveva mostrato il mio destino e, senza esitazione \u2013 cosa per me alquanto singolare &#8211; m\u2019imbarcai sul Meermin che prese il largo dalla nostra citt\u00e0 giorno 8 novembre 1719. Quel guscio di legno, divenne la mia casa per quasi due mesi, i quarantacinque membri della ciurma la mia famiglia.<\/em><br \/>\n<em>Non avrei potuto scegliere momento peggiore. Lasciate le familiari acque del Mare del Nord, superammo la Manica per immetterci tra i flutti dell\u2019Oceano Atlantico. Divenni presto lo zimbello dell\u2019intera ciurma. Per quei rudi uomini di mare, il continuo e insostenibile beccheggio che a me appariva come il tormento dell\u2019Inferno, non era altro che un dolce cullare.<\/em><br \/>\n<em>Ma ben presto scoprimmo che non era altro che un innocuo solletico rispetto a quello che ci aspettava in prossimit\u00e0 della nostra meta: il Sudafrica.<\/em><br \/>\n<em>Come uno stallone lasciato troppo tempo nel recinto, che una volta libero sfoga tutta la sua rabbia correndo per la vallata, la corrente che nasceva lontano, nella terra dell\u2019Eldorado, si era abbattuta su di noi.<\/em><br \/>\n<em>Quel fiume d\u2019acqua aveva potuto crescere per migliaia di miglia fino a scatenare tutta la sua furia sull\u2019unico ostacolo che non avrebbe mai potuto abbattere: la punta meridionale dell\u2019Africa. E noi tra i due contendenti, a fronteggiare onde alte trenta metri. Ogni minuto durava un\u2019ora. Un tempo nel quale non potevo destinare a te che una piccola frazione dei miei pensieri, perch\u00e9 la mia mente era impegnata a combattere il terrore pi\u00f9 cupo. <\/em><br \/>\n<em>La solida imbarcazione si oppose alla collera di Poseidone, e tutti noi benedicemmo i mastri d\u2019ascia olandesi e il Comandante, davvero un provetto navigatore. <\/em><br \/>\n<em>Quando finalmente toccammo terra, anche il pi\u00f9 blasfemo a bordo si era trasformato nel pi\u00f9 devoto dei credenti.<\/em><br \/>\n<em>Se mi mancava il coraggio di proferirti il mio amore, allora lo avrei dimostrato trovando per te il fiore pi\u00f9 bello, tesoro mio.<\/em><br \/>\n<em>Il Fortuyn, il vascello che mi porter\u00e0 verso altre zone di ricerca, nella parte del continente opposta a dove mi trovo ora, sta per partire. Devo smettere di scrivere e ritornare a sognarti.<\/em><br \/>\n<em>Ti imploro di chiudere gli occhi e di pensarmi, la sola idea che tu possa farlo mi dona il conforto e la forza per continuare questa folle missione il cui unico scopo \u00e8 catturare il tuo cuore.<\/em><br \/>\n<em>Tuo devoto Christian Friedrich Zeyher.<\/em><\/p>\n<p>&nbsp;<\/p>\n<p>\u2013 Hella, chi era?<br \/>\nLa madre, in cucina, aveva sentito la campanella della porta e una voce profonda da uomo.<br \/>\nLa ragazza si affrett\u00f2 a cancellare il sorriso che le si era formato in viso e a fare scomparire il foglio tra le pieghe delle gonne. Con il bordo dell\u2019indice asciug\u00f2 due perle salate dalle guance.<br \/>\n\u2013 Niente d\u2019importante mamma \u2013 rispose con la voce alterata dall\u2019emozione inaspettata.<br \/>\nEra quasi dicembre e la lettera era stata scritta pi\u00f9 di quattro mesi prima. Ora che conosceva i sentimenti di quell\u2019uomo, la donna era caduta in un angoscioso stato di apprensione.<br \/>\nSe ne ricordava bene, perch\u00e9 era il pi\u00f9 gentile tra i suoi clienti\u2026 e anche il pi\u00f9 bello. Si era accorta degli sguardi timidi che le inviava pensando di non essere visto, e questo le aveva mostrato il suo vero animo. Quella timida dolcezza, aveva fatto breccia nel suo cuore pi\u00f9 efficacemente delle parole che lui le aveva inspiegabilmente negato. Per questo gli donava le sue torte pi\u00f9 buone e i suoi sorrisi pi\u00f9 caldi. Quando d\u2019improvviso non lo aveva pi\u00f9 visto, aveva perso ogni speranza che il destino li avesse potuti unire.<br \/>\nAdesso dove si trovava il suo amato, la pensava ancora?<br \/>\n\u2013 Mamma, vado in pasticceria.<br \/>\n\u2013 Vai, cara. Ti raggiungo tra un po\u2019.<br \/>\nHelene si copr\u00ec con un pesante cappotto, la temperatura era scesa parecchio, e usc\u00ec incerta sul da farsi. Chi avrebbe potuto aiutarla? Forse al porto qualche marinaio le avrebbe potuto fornire qualche informazione. Oppure sarebbe stato meglio cercare in qualche locanda frequentata da gente di mare? Tra marinai sdentati e luridi mozzi?<br \/>\n<em>So io cosa fare.<\/em><br \/>\nIncurante della neve infangata che le sporcava il vestito, allung\u00f2 il passo diretta verso il Circolo degli Ufficiali. Il prestigioso sodalizio, cui lei forniva i suoi preziosi prodotti, era frequentato dai uomini di provata esperienza e seriet\u00e0.<br \/>\n\u2013 Salve caro Marteen.<br \/>\nL\u2019anziano uomo che la accolse esib\u00ec un affettuoso sorriso.<br \/>\n\u2013 Signorina Hella, che piacere! Credevo avessero gi\u00e0 consegnato questa mattina presto.<br \/>\n\u2013 Sono qua per altro, gentile amico. Pu\u00f2 aiutarmi?<br \/>\n\u2013 Ma certo\u2026 che maleducato, si accomodi, la prego.<\/p>\n<p>&nbsp;<\/p>\n<p>La madre di Helene vide la figlia entrare a casa come una furia per poi lanciarsi per le scale.<br \/>\n\u2013 Hella\u2026<br \/>\nLa donna non poteva immaginare che tra i tanti bollettini marittimi, Marteen aveva trovato la notizia del naufragio del Fortuyn, avvenuta il 27 luglio 1720 e senza alcun superstite.<br \/>\nEra meglio lasciare sfogare la ragazza, senza disturbarla con domande che non avrebbero fatto altro che innervosirla ulteriormente.<br \/>\nLa donna avrebbe inoltre voluto informarla dell\u2019arrivo di una strana consegna. Poco dopo l\u2019uscita improvvisa della ragazza, un altro uomo aveva portato un piccolo secchiello di legno, con il manico in corda, come quelli che si usavano nelle navi, che conteneva soltanto terra. La donna pens\u00f2 che quello fosse uno scherzo, tra i tanti pretendenti di Hella non mancavano anche quelli del tutto fuori di testa.<br \/>\nApr\u00ec la porta che dalla cucina portava al piccolo giardino e, in un angolo, svuot\u00f2 il contenuto del secchio.<br \/>\n<em>Questo mi torner\u00e0 utile<\/em>. Pens\u00f2 rimirando il contenitore.<\/p>\n<p>&nbsp;<\/p>\n<p>In primavera un profumo stuzzicante e sconosciuto riemp\u00ec il giardino. Hella non resistette a ricercare la fonte di quella fragranza cos\u00ec affascinante. In un angolo trov\u00f2 degli insoliti fiori bianchi e gialli. I piccoli misteriosi boccioli la guardavano sorridenti.<br \/>\nTra i gambi intravide un lembo color avorio.<br \/>\nL\u2019afferr\u00f2 tra le dita minute, ne spazz\u00f2 via la sporcizia, ne scoll\u00f2 i margini e, dopo qualche secondo, scoppi\u00f2 nel pianto che aveva trattenuto da mesi.<\/p>\n<p>&nbsp;<\/p>\n<p><em>Mia amata, mio tenero fiore, mio sogno,<\/em><br \/>\n<em>l\u2019ho trovato! Quello che cercavo \u00e8 ora tra le tue mani, come spero presto io sar\u00f2 tra le tue braccia: Freesia alba.<\/em><br \/>\n<em>Questa nuova specie, la Fresia, adesso ha il tuo nome, Helene Freese dalla pelle chiara. Cos\u00ec come tu sei costantemente nei miei pensieri, anche il tuo nome rimarr\u00e0 nella memoria di tutti gli uomini.<\/em><br \/>\n<em>Preparami il tuo bacio pi\u00f9 dolce, amore mio, sto ritornando da te. <\/em><\/p>\n","protected":false},"excerpt":{"rendered":"<p>&nbsp; Riportiamo di seguito, in ordine di arrivo, i racconti inviati dai partecipanti non blogger per il contest del primo compleanno di webnauta. L&#8217;elenco completo dei concorrenti in gara nell&#8217;articolo Un compleanno, un contest, un premio! Pronti per il viaggio?\u00a0 &nbsp; &nbsp; Capo Agulhas di Paolo Forte Capo Agulhas, 20 luglio 1720 Mia adorata Helene, [&hellip;]<\/p>\n","protected":false},"author":1,"featured_media":3761,"parent":0,"menu_order":0,"comment_status":"open","ping_status":"open","template":"","meta":{"_monsterinsights_skip_tracking":false,"_monsterinsights_sitenote_active":false,"_monsterinsights_sitenote_note":"","_monsterinsights_sitenote_category":0,"footnotes":""},"class_list":["post-4011","page","type-page","status-publish","has-post-thumbnail","hentry"],"yoast_head":"<!-- This site is optimized with the Yoast SEO Premium plugin v26.8 (Yoast SEO v26.8) - https:\/\/yoast.com\/product\/yoast-seo-premium-wordpress\/ -->\n<title>Racconti per il contest Primo Compleanno - webnauta<\/title>\n<meta name=\"description\" content=\"Un contest e un premio, per festeggiare il primo compleanno del blog al prossimo 11 dicembre. Partecipate! ...webnauta - navigatore in un oceano di parole\" \/>\n<meta name=\"robots\" content=\"index, follow, max-snippet:-1, max-image-preview:large, max-video-preview:-1\" \/>\n<link rel=\"canonical\" href=\"https:\/\/www.webnauta.it\/wordpress\/racconti-contest-2016\/\" \/>\n<meta property=\"og:locale\" content=\"it_IT\" \/>\n<meta property=\"og:type\" content=\"article\" \/>\n<meta property=\"og:title\" content=\"Racconti per il contest Primo Compleanno\" \/>\n<meta property=\"og:description\" content=\"Un contest e un premio, per festeggiare il primo compleanno del blog al prossimo 11 dicembre. Partecipate! ...webnauta - navigatore in un oceano di parole\" \/>\n<meta property=\"og:url\" content=\"https:\/\/www.webnauta.it\/wordpress\/racconti-contest-2016\/\" \/>\n<meta property=\"og:site_name\" content=\"webnauta\" \/>\n<meta property=\"article:publisher\" content=\"http:\/\/www.facebook.com\/barbara.businaro.9\" \/>\n<meta property=\"article:modified_time\" content=\"2017-12-10T21:42:50+00:00\" \/>\n<meta property=\"og:image\" content=\"https:\/\/www.webnauta.it\/wordpress\/wp-content\/uploads\/2016\/11\/Contest_webnauta.png\" \/>\n\t<meta property=\"og:image:width\" content=\"640\" \/>\n\t<meta property=\"og:image:height\" content=\"425\" \/>\n\t<meta property=\"og:image:type\" content=\"image\/png\" \/>\n<meta name=\"twitter:card\" content=\"summary_large_image\" \/>\n<meta name=\"twitter:site\" content=\"@barbarawebnauta\" \/>\n<meta name=\"twitter:label1\" content=\"Tempo di lettura stimato\" \/>\n\t<meta name=\"twitter:data1\" content=\"7 minuti\" \/>\n<script type=\"application\/ld+json\" class=\"yoast-schema-graph\">{\"@context\":\"https:\/\/schema.org\",\"@graph\":[{\"@type\":\"WebPage\",\"@id\":\"https:\/\/www.webnauta.it\/wordpress\/racconti-contest-2016\/\",\"url\":\"https:\/\/www.webnauta.it\/wordpress\/racconti-contest-2016\/\",\"name\":\"Racconti per il contest Primo Compleanno - webnauta\",\"isPartOf\":{\"@id\":\"https:\/\/www.webnauta.it\/wordpress\/#website\"},\"primaryImageOfPage\":{\"@id\":\"https:\/\/www.webnauta.it\/wordpress\/racconti-contest-2016\/#primaryimage\"},\"image\":{\"@id\":\"https:\/\/www.webnauta.it\/wordpress\/racconti-contest-2016\/#primaryimage\"},\"thumbnailUrl\":\"https:\/\/www.webnauta.it\/wordpress\/wp-content\/uploads\/2016\/11\/Contest_webnauta.png\",\"datePublished\":\"2016-11-25T09:23:57+00:00\",\"dateModified\":\"2017-12-10T21:42:50+00:00\",\"description\":\"Un contest e un premio, per festeggiare il primo compleanno del blog al prossimo 11 dicembre. Partecipate! ...webnauta - navigatore in un oceano di parole\",\"breadcrumb\":{\"@id\":\"https:\/\/www.webnauta.it\/wordpress\/racconti-contest-2016\/#breadcrumb\"},\"inLanguage\":\"it-IT\",\"potentialAction\":[{\"@type\":\"ReadAction\",\"target\":[\"https:\/\/www.webnauta.it\/wordpress\/racconti-contest-2016\/\"]}]},{\"@type\":\"ImageObject\",\"inLanguage\":\"it-IT\",\"@id\":\"https:\/\/www.webnauta.it\/wordpress\/racconti-contest-2016\/#primaryimage\",\"url\":\"https:\/\/www.webnauta.it\/wordpress\/wp-content\/uploads\/2016\/11\/Contest_webnauta.png\",\"contentUrl\":\"https:\/\/www.webnauta.it\/wordpress\/wp-content\/uploads\/2016\/11\/Contest_webnauta.png\",\"width\":640,\"height\":425,\"caption\":\"Un contest per festeggiare il compleanno di webnauta!\"},{\"@type\":\"BreadcrumbList\",\"@id\":\"https:\/\/www.webnauta.it\/wordpress\/racconti-contest-2016\/#breadcrumb\",\"itemListElement\":[{\"@type\":\"ListItem\",\"position\":1,\"name\":\"Home\",\"item\":\"https:\/\/www.webnauta.it\/wordpress\/\"},{\"@type\":\"ListItem\",\"position\":2,\"name\":\"Racconti per il contest Primo Compleanno\"}]},{\"@type\":\"WebSite\",\"@id\":\"https:\/\/www.webnauta.it\/wordpress\/#website\",\"url\":\"https:\/\/www.webnauta.it\/wordpress\/\",\"name\":\"webnauta\",\"description\":\"navigatore in un oceano di parole\",\"publisher\":{\"@id\":\"https:\/\/www.webnauta.it\/wordpress\/#\/schema\/person\/9a1f7a6e3b52bbe5b9d265d2d671d1a1\"},\"potentialAction\":[{\"@type\":\"SearchAction\",\"target\":{\"@type\":\"EntryPoint\",\"urlTemplate\":\"https:\/\/www.webnauta.it\/wordpress\/?s={search_term_string}\"},\"query-input\":{\"@type\":\"PropertyValueSpecification\",\"valueRequired\":true,\"valueName\":\"search_term_string\"}}],\"inLanguage\":\"it-IT\"},{\"@type\":[\"Person\",\"Organization\"],\"@id\":\"https:\/\/www.webnauta.it\/wordpress\/#\/schema\/person\/9a1f7a6e3b52bbe5b9d265d2d671d1a1\",\"name\":\"Barbara Businaro\",\"image\":{\"@type\":\"ImageObject\",\"inLanguage\":\"it-IT\",\"@id\":\"https:\/\/www.webnauta.it\/wordpress\/#\/schema\/person\/image\/\",\"url\":\"https:\/\/www.webnauta.it\/wordpress\/wp-content\/uploads\/2020\/02\/BarbaraBusinaro2020_rounded.png\",\"contentUrl\":\"https:\/\/www.webnauta.it\/wordpress\/wp-content\/uploads\/2020\/02\/BarbaraBusinaro2020_rounded.png\",\"width\":500,\"height\":512,\"caption\":\"Barbara Businaro\"},\"logo\":{\"@id\":\"https:\/\/www.webnauta.it\/wordpress\/#\/schema\/person\/image\/\"},\"description\":\"webnauta.it \u2022 Blog personale di Barbara Businaro \u2022 Scrivo, tra una tempesta e l''altra. Chiunque pu\u00f2 tenere il timone quando il mare \u00e8 calmo.\",\"sameAs\":[\"http:\/\/www.webnauta.it\",\"http:\/\/www.facebook.com\/barbara.businaro.9\",\"https:\/\/www.instagram.com\/barbarawebnauta\/\",\"https:\/\/x.com\/barbarawebnauta\"]}]}<\/script>\n<!-- \/ Yoast SEO Premium plugin. -->","yoast_head_json":{"title":"Racconti per il contest Primo Compleanno - webnauta","description":"Un contest e un premio, per festeggiare il primo compleanno del blog al prossimo 11 dicembre. Partecipate! ...webnauta - navigatore in un oceano di parole","robots":{"index":"index","follow":"follow","max-snippet":"max-snippet:-1","max-image-preview":"max-image-preview:large","max-video-preview":"max-video-preview:-1"},"canonical":"https:\/\/www.webnauta.it\/wordpress\/racconti-contest-2016\/","og_locale":"it_IT","og_type":"article","og_title":"Racconti per il contest Primo Compleanno","og_description":"Un contest e un premio, per festeggiare il primo compleanno del blog al prossimo 11 dicembre. Partecipate! ...webnauta - navigatore in un oceano di parole","og_url":"https:\/\/www.webnauta.it\/wordpress\/racconti-contest-2016\/","og_site_name":"webnauta","article_publisher":"http:\/\/www.facebook.com\/barbara.businaro.9","article_modified_time":"2017-12-10T21:42:50+00:00","og_image":[{"width":640,"height":425,"url":"https:\/\/www.webnauta.it\/wordpress\/wp-content\/uploads\/2016\/11\/Contest_webnauta.png","type":"image\/png"}],"twitter_card":"summary_large_image","twitter_site":"@barbarawebnauta","twitter_misc":{"Tempo di lettura stimato":"7 minuti"},"schema":{"@context":"https:\/\/schema.org","@graph":[{"@type":"WebPage","@id":"https:\/\/www.webnauta.it\/wordpress\/racconti-contest-2016\/","url":"https:\/\/www.webnauta.it\/wordpress\/racconti-contest-2016\/","name":"Racconti per il contest Primo Compleanno - webnauta","isPartOf":{"@id":"https:\/\/www.webnauta.it\/wordpress\/#website"},"primaryImageOfPage":{"@id":"https:\/\/www.webnauta.it\/wordpress\/racconti-contest-2016\/#primaryimage"},"image":{"@id":"https:\/\/www.webnauta.it\/wordpress\/racconti-contest-2016\/#primaryimage"},"thumbnailUrl":"https:\/\/www.webnauta.it\/wordpress\/wp-content\/uploads\/2016\/11\/Contest_webnauta.png","datePublished":"2016-11-25T09:23:57+00:00","dateModified":"2017-12-10T21:42:50+00:00","description":"Un contest e un premio, per festeggiare il primo compleanno del blog al prossimo 11 dicembre. Partecipate! ...webnauta - navigatore in un oceano di parole","breadcrumb":{"@id":"https:\/\/www.webnauta.it\/wordpress\/racconti-contest-2016\/#breadcrumb"},"inLanguage":"it-IT","potentialAction":[{"@type":"ReadAction","target":["https:\/\/www.webnauta.it\/wordpress\/racconti-contest-2016\/"]}]},{"@type":"ImageObject","inLanguage":"it-IT","@id":"https:\/\/www.webnauta.it\/wordpress\/racconti-contest-2016\/#primaryimage","url":"https:\/\/www.webnauta.it\/wordpress\/wp-content\/uploads\/2016\/11\/Contest_webnauta.png","contentUrl":"https:\/\/www.webnauta.it\/wordpress\/wp-content\/uploads\/2016\/11\/Contest_webnauta.png","width":640,"height":425,"caption":"Un contest per festeggiare il compleanno di webnauta!"},{"@type":"BreadcrumbList","@id":"https:\/\/www.webnauta.it\/wordpress\/racconti-contest-2016\/#breadcrumb","itemListElement":[{"@type":"ListItem","position":1,"name":"Home","item":"https:\/\/www.webnauta.it\/wordpress\/"},{"@type":"ListItem","position":2,"name":"Racconti per il contest Primo Compleanno"}]},{"@type":"WebSite","@id":"https:\/\/www.webnauta.it\/wordpress\/#website","url":"https:\/\/www.webnauta.it\/wordpress\/","name":"webnauta","description":"navigatore in un oceano di parole","publisher":{"@id":"https:\/\/www.webnauta.it\/wordpress\/#\/schema\/person\/9a1f7a6e3b52bbe5b9d265d2d671d1a1"},"potentialAction":[{"@type":"SearchAction","target":{"@type":"EntryPoint","urlTemplate":"https:\/\/www.webnauta.it\/wordpress\/?s={search_term_string}"},"query-input":{"@type":"PropertyValueSpecification","valueRequired":true,"valueName":"search_term_string"}}],"inLanguage":"it-IT"},{"@type":["Person","Organization"],"@id":"https:\/\/www.webnauta.it\/wordpress\/#\/schema\/person\/9a1f7a6e3b52bbe5b9d265d2d671d1a1","name":"Barbara Businaro","image":{"@type":"ImageObject","inLanguage":"it-IT","@id":"https:\/\/www.webnauta.it\/wordpress\/#\/schema\/person\/image\/","url":"https:\/\/www.webnauta.it\/wordpress\/wp-content\/uploads\/2020\/02\/BarbaraBusinaro2020_rounded.png","contentUrl":"https:\/\/www.webnauta.it\/wordpress\/wp-content\/uploads\/2020\/02\/BarbaraBusinaro2020_rounded.png","width":500,"height":512,"caption":"Barbara Businaro"},"logo":{"@id":"https:\/\/www.webnauta.it\/wordpress\/#\/schema\/person\/image\/"},"description":"webnauta.it \u2022 Blog personale di Barbara Businaro \u2022 Scrivo, tra una tempesta e l''altra. Chiunque pu\u00f2 tenere il timone quando il mare \u00e8 calmo.","sameAs":["http:\/\/www.webnauta.it","http:\/\/www.facebook.com\/barbara.businaro.9","https:\/\/www.instagram.com\/barbarawebnauta\/","https:\/\/x.com\/barbarawebnauta"]}]}},"_links":{"self":[{"href":"https:\/\/www.webnauta.it\/wordpress\/wp-json\/wp\/v2\/pages\/4011","targetHints":{"allow":["GET"]}}],"collection":[{"href":"https:\/\/www.webnauta.it\/wordpress\/wp-json\/wp\/v2\/pages"}],"about":[{"href":"https:\/\/www.webnauta.it\/wordpress\/wp-json\/wp\/v2\/types\/page"}],"author":[{"embeddable":true,"href":"https:\/\/www.webnauta.it\/wordpress\/wp-json\/wp\/v2\/users\/1"}],"replies":[{"embeddable":true,"href":"https:\/\/www.webnauta.it\/wordpress\/wp-json\/wp\/v2\/comments?post=4011"}],"version-history":[{"count":4,"href":"https:\/\/www.webnauta.it\/wordpress\/wp-json\/wp\/v2\/pages\/4011\/revisions"}],"predecessor-version":[{"id":13924,"href":"https:\/\/www.webnauta.it\/wordpress\/wp-json\/wp\/v2\/pages\/4011\/revisions\/13924"}],"wp:featuredmedia":[{"embeddable":true,"href":"https:\/\/www.webnauta.it\/wordpress\/wp-json\/wp\/v2\/media\/3761"}],"wp:attachment":[{"href":"https:\/\/www.webnauta.it\/wordpress\/wp-json\/wp\/v2\/media?parent=4011"}],"curies":[{"name":"wp","href":"https:\/\/api.w.org\/{rel}","templated":true}]}}