{"id":17631,"date":"2019-08-08T09:55:52","date_gmt":"2019-08-08T07:55:52","guid":{"rendered":"https:\/\/www.webnauta.it\/wordpress\/?page_id=17631"},"modified":"2019-10-24T22:59:25","modified_gmt":"2019-10-24T20:59:25","slug":"signora-manucci-storia-a-bivi","status":"publish","type":"page","link":"https:\/\/www.webnauta.it\/wordpress\/signora-manucci-storia-a-bivi\/","title":{"rendered":"La signora Manucci. Una storia a bivi"},"content":{"rendered":"<p><a href=\"https:\/\/www.webnauta.it\/wordpress\/wp-content\/uploads\/2019\/08\/Signora_Manucci_storia_bivi.jpg\"><img loading=\"lazy\" decoding=\"async\" class=\"size-full wp-image-17573 aligncenter\" src=\"https:\/\/www.webnauta.it\/wordpress\/wp-content\/uploads\/2019\/08\/Signora_Manucci_storia_bivi.jpg\" alt=\"La signora Manucci. Una storia a bivi in cinque puntate\" width=\"646\" height=\"431\" srcset=\"https:\/\/www.webnauta.it\/wordpress\/wp-content\/uploads\/2019\/08\/Signora_Manucci_storia_bivi.jpg 646w, https:\/\/www.webnauta.it\/wordpress\/wp-content\/uploads\/2019\/08\/Signora_Manucci_storia_bivi-300x200.jpg 300w\" sizes=\"auto, (max-width: 646px) 100vw, 646px\" \/><\/a><\/p>\n<p><span style=\"color: #e92c6c;\"><strong>Che cos&#8217;\u00e8 una storia a bivi?<\/strong><\/span><br \/>\nChi leggeva Topolino negli anni &#8217;80 ricorder\u00e0 i fumetti a bivi ideati dallo sceneggiatore italiano Bruno Concina, dove in alcuni punti della trama \u00e8 lo stesso lettore a decidere il comportamento dei personaggi. Il primo fumetto di questa tipologia, <a href=\"https:\/\/paperpedia.fandom.com\/it\/wiki\/Topolino_e_il_segreto_del_castello\" target=\"_blank\" rel=\"noopener noreferrer\"><em>Topolino e il segreto del castello<\/em><\/a>\u00a0del 1985, conteneva quattro bivi e ben sei finali differenti. Ad ogni bivio, il lettore veniva rimandato al numero di pagina corretto per proseguire la storia, in qualche caso ritornava ad un bivio precedente. Bruno Concina, che tra l&#8217;altro si laure\u00f2 all&#8217;Universit\u00e0 di Padova con una tesi intitolata proprio <em>Una nuova proposta pedagogica: il fumetto a bivi<\/em>, credeva sia nel maggior coinvolgimento del lettore sia nel valore pedagogico di questa struttura. Sino ad oggi ne sono state pubblicate ventotto, le trovate qui: <a href=\"https:\/\/paperpedia.fandom.com\/it\/wiki\/Storie_a_bivi\" target=\"_blank\" rel=\"noopener noreferrer\"><em>Storie a bivi &#8211; Paperpedia Wiki<\/em><\/a><br \/>\nIn questa storia a bivi in cinque puntate ho lasciato scegliere ai lettori le sorti dei personaggi ad ogni puntata, con i loro commenti. Non ci sono quindi entrambe le direzioni, ma solo quella decisa a maggioranza dal pubblico.<\/p>\n<p>Clicca per leggere ogni singola puntata:<\/p>\n<p><a href=\"https:\/\/www.webnauta.it\/wordpress\/signora-manucci-puntata-1\/\" target=\"_blank\" rel=\"noopener noreferrer\">La signora Manucci. Puntata 1<\/a><\/p>\n<p><a href=\"https:\/\/www.webnauta.it\/wordpress\/signora-manucci-puntata-2\/\" target=\"_blank\" rel=\"noopener noreferrer\">La signora Manucci. Puntata 2<\/a><\/p>\n<p><a href=\"https:\/\/www.webnauta.it\/wordpress\/signora-manucci-puntata-3\/\">La signora Manucci. Puntata 3<\/a><\/p>\n<p><a href=\"https:\/\/www.webnauta.it\/wordpress\/signora-manucci-puntata-4\/\" target=\"_blank\" rel=\"noopener noreferrer\">La signora Manucci. Puntata 4<\/a><\/p>\n<p><a href=\"https:\/\/www.webnauta.it\/wordpress\/signora-manucci-gran-finale\/\" target=\"_blank\" rel=\"noopener noreferrer\">La signora Manucci. Il gran finale<\/a><\/p>\n<p>&nbsp;<\/p>\n","protected":false},"excerpt":{"rendered":"<p>Che cos&#8217;\u00e8 una storia a bivi? Chi leggeva Topolino negli anni &#8217;80 ricorder\u00e0 i fumetti a bivi ideati dallo sceneggiatore italiano Bruno Concina, dove in alcuni punti della trama \u00e8 lo stesso lettore a decidere il comportamento dei personaggi. Il primo fumetto di questa tipologia, Topolino e il segreto del castello\u00a0del 1985, conteneva quattro bivi [&hellip;]<\/p>\n","protected":false},"author":1,"featured_media":17573,"parent":0,"menu_order":0,"comment_status":"closed","ping_status":"closed","template":"","meta":{"_monsterinsights_skip_tracking":false,"_monsterinsights_sitenote_active":false,"_monsterinsights_sitenote_note":"","_monsterinsights_sitenote_category":0,"footnotes":""},"class_list":["post-17631","page","type-page","status-publish","has-post-thumbnail","hentry"],"yoast_head":"<!-- This site is optimized with the Yoast SEO Premium plugin v26.8 (Yoast SEO v26.8) - https:\/\/yoast.com\/product\/yoast-seo-premium-wordpress\/ -->\n<title>La signora Manucci. Una storia a bivi - webnauta<\/title>\n<meta name=\"description\" content=\"Come le storie a bivi di Bruno Concina su Topolino, questo \u00e8 un racconto a bivi, il lettore decide la trama...webnauta - navigatore in un oceano di parole\" \/>\n<meta name=\"robots\" content=\"index, follow, max-snippet:-1, max-image-preview:large, max-video-preview:-1\" \/>\n<link rel=\"canonical\" href=\"https:\/\/www.webnauta.it\/wordpress\/signora-manucci-storia-a-bivi\/\" \/>\n<meta property=\"og:locale\" content=\"it_IT\" \/>\n<meta property=\"og:type\" content=\"article\" \/>\n<meta property=\"og:title\" content=\"La signora Manucci. Una storia a bivi\" \/>\n<meta property=\"og:description\" content=\"Come le storie a bivi di Bruno Concina su Topolino, questo \u00e8 un racconto a bivi, il lettore decide la trama...webnauta - navigatore in un oceano di parole\" \/>\n<meta property=\"og:url\" content=\"https:\/\/www.webnauta.it\/wordpress\/signora-manucci-storia-a-bivi\/\" \/>\n<meta property=\"og:site_name\" content=\"webnauta\" \/>\n<meta property=\"article:publisher\" content=\"http:\/\/www.facebook.com\/barbara.businaro.9\" \/>\n<meta property=\"article:modified_time\" content=\"2019-10-24T20:59:25+00:00\" \/>\n<meta property=\"og:image\" content=\"https:\/\/www.webnauta.it\/wordpress\/wp-content\/uploads\/2019\/08\/Signora_Manucci_storia_bivi.jpg\" \/>\n\t<meta property=\"og:image:width\" content=\"646\" \/>\n\t<meta property=\"og:image:height\" content=\"431\" \/>\n\t<meta property=\"og:image:type\" content=\"image\/jpeg\" \/>\n<meta name=\"twitter:card\" content=\"summary_large_image\" \/>\n<meta name=\"twitter:site\" content=\"@barbarawebnauta\" \/>\n<meta name=\"twitter:label1\" content=\"Tempo di lettura stimato\" \/>\n\t<meta name=\"twitter:data1\" content=\"1 minuto\" \/>\n<script type=\"application\/ld+json\" class=\"yoast-schema-graph\">{\"@context\":\"https:\/\/schema.org\",\"@graph\":[{\"@type\":\"WebPage\",\"@id\":\"https:\/\/www.webnauta.it\/wordpress\/signora-manucci-storia-a-bivi\/\",\"url\":\"https:\/\/www.webnauta.it\/wordpress\/signora-manucci-storia-a-bivi\/\",\"name\":\"La signora Manucci. Una storia a bivi - webnauta\",\"isPartOf\":{\"@id\":\"https:\/\/www.webnauta.it\/wordpress\/#website\"},\"primaryImageOfPage\":{\"@id\":\"https:\/\/www.webnauta.it\/wordpress\/signora-manucci-storia-a-bivi\/#primaryimage\"},\"image\":{\"@id\":\"https:\/\/www.webnauta.it\/wordpress\/signora-manucci-storia-a-bivi\/#primaryimage\"},\"thumbnailUrl\":\"https:\/\/www.webnauta.it\/wordpress\/wp-content\/uploads\/2019\/08\/Signora_Manucci_storia_bivi.jpg\",\"datePublished\":\"2019-08-08T07:55:52+00:00\",\"dateModified\":\"2019-10-24T20:59:25+00:00\",\"description\":\"Come le storie a bivi di Bruno Concina su Topolino, questo \u00e8 un racconto a bivi, il lettore decide la trama...webnauta - navigatore in un oceano di parole\",\"breadcrumb\":{\"@id\":\"https:\/\/www.webnauta.it\/wordpress\/signora-manucci-storia-a-bivi\/#breadcrumb\"},\"inLanguage\":\"it-IT\",\"potentialAction\":[{\"@type\":\"ReadAction\",\"target\":[\"https:\/\/www.webnauta.it\/wordpress\/signora-manucci-storia-a-bivi\/\"]}]},{\"@type\":\"ImageObject\",\"inLanguage\":\"it-IT\",\"@id\":\"https:\/\/www.webnauta.it\/wordpress\/signora-manucci-storia-a-bivi\/#primaryimage\",\"url\":\"https:\/\/www.webnauta.it\/wordpress\/wp-content\/uploads\/2019\/08\/Signora_Manucci_storia_bivi.jpg\",\"contentUrl\":\"https:\/\/www.webnauta.it\/wordpress\/wp-content\/uploads\/2019\/08\/Signora_Manucci_storia_bivi.jpg\",\"width\":646,\"height\":431,\"caption\":\"La signora Manucci. Una storia a bivi in cinque puntate\"},{\"@type\":\"BreadcrumbList\",\"@id\":\"https:\/\/www.webnauta.it\/wordpress\/signora-manucci-storia-a-bivi\/#breadcrumb\",\"itemListElement\":[{\"@type\":\"ListItem\",\"position\":1,\"name\":\"Home\",\"item\":\"https:\/\/www.webnauta.it\/wordpress\/\"},{\"@type\":\"ListItem\",\"position\":2,\"name\":\"La signora Manucci. Una storia a bivi\"}]},{\"@type\":\"WebSite\",\"@id\":\"https:\/\/www.webnauta.it\/wordpress\/#website\",\"url\":\"https:\/\/www.webnauta.it\/wordpress\/\",\"name\":\"webnauta\",\"description\":\"navigatore in un oceano di parole\",\"publisher\":{\"@id\":\"https:\/\/www.webnauta.it\/wordpress\/#\/schema\/person\/9a1f7a6e3b52bbe5b9d265d2d671d1a1\"},\"potentialAction\":[{\"@type\":\"SearchAction\",\"target\":{\"@type\":\"EntryPoint\",\"urlTemplate\":\"https:\/\/www.webnauta.it\/wordpress\/?s={search_term_string}\"},\"query-input\":{\"@type\":\"PropertyValueSpecification\",\"valueRequired\":true,\"valueName\":\"search_term_string\"}}],\"inLanguage\":\"it-IT\"},{\"@type\":[\"Person\",\"Organization\"],\"@id\":\"https:\/\/www.webnauta.it\/wordpress\/#\/schema\/person\/9a1f7a6e3b52bbe5b9d265d2d671d1a1\",\"name\":\"Barbara Businaro\",\"image\":{\"@type\":\"ImageObject\",\"inLanguage\":\"it-IT\",\"@id\":\"https:\/\/www.webnauta.it\/wordpress\/#\/schema\/person\/image\/\",\"url\":\"https:\/\/www.webnauta.it\/wordpress\/wp-content\/uploads\/2020\/02\/BarbaraBusinaro2020_rounded.png\",\"contentUrl\":\"https:\/\/www.webnauta.it\/wordpress\/wp-content\/uploads\/2020\/02\/BarbaraBusinaro2020_rounded.png\",\"width\":500,\"height\":512,\"caption\":\"Barbara Businaro\"},\"logo\":{\"@id\":\"https:\/\/www.webnauta.it\/wordpress\/#\/schema\/person\/image\/\"},\"description\":\"webnauta.it \u2022 Blog personale di Barbara Businaro \u2022 Scrivo, tra una tempesta e l''altra. Chiunque pu\u00f2 tenere il timone quando il mare \u00e8 calmo.\",\"sameAs\":[\"http:\/\/www.webnauta.it\",\"http:\/\/www.facebook.com\/barbara.businaro.9\",\"https:\/\/www.instagram.com\/barbarawebnauta\/\",\"https:\/\/x.com\/barbarawebnauta\"]}]}<\/script>\n<!-- \/ Yoast SEO Premium plugin. -->","yoast_head_json":{"title":"La signora Manucci. Una storia a bivi - webnauta","description":"Come le storie a bivi di Bruno Concina su Topolino, questo \u00e8 un racconto a bivi, il lettore decide la trama...webnauta - navigatore in un oceano di parole","robots":{"index":"index","follow":"follow","max-snippet":"max-snippet:-1","max-image-preview":"max-image-preview:large","max-video-preview":"max-video-preview:-1"},"canonical":"https:\/\/www.webnauta.it\/wordpress\/signora-manucci-storia-a-bivi\/","og_locale":"it_IT","og_type":"article","og_title":"La signora Manucci. Una storia a bivi","og_description":"Come le storie a bivi di Bruno Concina su Topolino, questo \u00e8 un racconto a bivi, il lettore decide la trama...webnauta - navigatore in un oceano di parole","og_url":"https:\/\/www.webnauta.it\/wordpress\/signora-manucci-storia-a-bivi\/","og_site_name":"webnauta","article_publisher":"http:\/\/www.facebook.com\/barbara.businaro.9","article_modified_time":"2019-10-24T20:59:25+00:00","og_image":[{"width":646,"height":431,"url":"https:\/\/www.webnauta.it\/wordpress\/wp-content\/uploads\/2019\/08\/Signora_Manucci_storia_bivi.jpg","type":"image\/jpeg"}],"twitter_card":"summary_large_image","twitter_site":"@barbarawebnauta","twitter_misc":{"Tempo di lettura stimato":"1 minuto"},"schema":{"@context":"https:\/\/schema.org","@graph":[{"@type":"WebPage","@id":"https:\/\/www.webnauta.it\/wordpress\/signora-manucci-storia-a-bivi\/","url":"https:\/\/www.webnauta.it\/wordpress\/signora-manucci-storia-a-bivi\/","name":"La signora Manucci. Una storia a bivi - webnauta","isPartOf":{"@id":"https:\/\/www.webnauta.it\/wordpress\/#website"},"primaryImageOfPage":{"@id":"https:\/\/www.webnauta.it\/wordpress\/signora-manucci-storia-a-bivi\/#primaryimage"},"image":{"@id":"https:\/\/www.webnauta.it\/wordpress\/signora-manucci-storia-a-bivi\/#primaryimage"},"thumbnailUrl":"https:\/\/www.webnauta.it\/wordpress\/wp-content\/uploads\/2019\/08\/Signora_Manucci_storia_bivi.jpg","datePublished":"2019-08-08T07:55:52+00:00","dateModified":"2019-10-24T20:59:25+00:00","description":"Come le storie a bivi di Bruno Concina su Topolino, questo \u00e8 un racconto a bivi, il lettore decide la trama...webnauta - navigatore in un oceano di parole","breadcrumb":{"@id":"https:\/\/www.webnauta.it\/wordpress\/signora-manucci-storia-a-bivi\/#breadcrumb"},"inLanguage":"it-IT","potentialAction":[{"@type":"ReadAction","target":["https:\/\/www.webnauta.it\/wordpress\/signora-manucci-storia-a-bivi\/"]}]},{"@type":"ImageObject","inLanguage":"it-IT","@id":"https:\/\/www.webnauta.it\/wordpress\/signora-manucci-storia-a-bivi\/#primaryimage","url":"https:\/\/www.webnauta.it\/wordpress\/wp-content\/uploads\/2019\/08\/Signora_Manucci_storia_bivi.jpg","contentUrl":"https:\/\/www.webnauta.it\/wordpress\/wp-content\/uploads\/2019\/08\/Signora_Manucci_storia_bivi.jpg","width":646,"height":431,"caption":"La signora Manucci. Una storia a bivi in cinque puntate"},{"@type":"BreadcrumbList","@id":"https:\/\/www.webnauta.it\/wordpress\/signora-manucci-storia-a-bivi\/#breadcrumb","itemListElement":[{"@type":"ListItem","position":1,"name":"Home","item":"https:\/\/www.webnauta.it\/wordpress\/"},{"@type":"ListItem","position":2,"name":"La signora Manucci. Una storia a bivi"}]},{"@type":"WebSite","@id":"https:\/\/www.webnauta.it\/wordpress\/#website","url":"https:\/\/www.webnauta.it\/wordpress\/","name":"webnauta","description":"navigatore in un oceano di parole","publisher":{"@id":"https:\/\/www.webnauta.it\/wordpress\/#\/schema\/person\/9a1f7a6e3b52bbe5b9d265d2d671d1a1"},"potentialAction":[{"@type":"SearchAction","target":{"@type":"EntryPoint","urlTemplate":"https:\/\/www.webnauta.it\/wordpress\/?s={search_term_string}"},"query-input":{"@type":"PropertyValueSpecification","valueRequired":true,"valueName":"search_term_string"}}],"inLanguage":"it-IT"},{"@type":["Person","Organization"],"@id":"https:\/\/www.webnauta.it\/wordpress\/#\/schema\/person\/9a1f7a6e3b52bbe5b9d265d2d671d1a1","name":"Barbara Businaro","image":{"@type":"ImageObject","inLanguage":"it-IT","@id":"https:\/\/www.webnauta.it\/wordpress\/#\/schema\/person\/image\/","url":"https:\/\/www.webnauta.it\/wordpress\/wp-content\/uploads\/2020\/02\/BarbaraBusinaro2020_rounded.png","contentUrl":"https:\/\/www.webnauta.it\/wordpress\/wp-content\/uploads\/2020\/02\/BarbaraBusinaro2020_rounded.png","width":500,"height":512,"caption":"Barbara Businaro"},"logo":{"@id":"https:\/\/www.webnauta.it\/wordpress\/#\/schema\/person\/image\/"},"description":"webnauta.it \u2022 Blog personale di Barbara Businaro \u2022 Scrivo, tra una tempesta e l''altra. Chiunque pu\u00f2 tenere il timone quando il mare \u00e8 calmo.","sameAs":["http:\/\/www.webnauta.it","http:\/\/www.facebook.com\/barbara.businaro.9","https:\/\/www.instagram.com\/barbarawebnauta\/","https:\/\/x.com\/barbarawebnauta"]}]}},"_links":{"self":[{"href":"https:\/\/www.webnauta.it\/wordpress\/wp-json\/wp\/v2\/pages\/17631","targetHints":{"allow":["GET"]}}],"collection":[{"href":"https:\/\/www.webnauta.it\/wordpress\/wp-json\/wp\/v2\/pages"}],"about":[{"href":"https:\/\/www.webnauta.it\/wordpress\/wp-json\/wp\/v2\/types\/page"}],"author":[{"embeddable":true,"href":"https:\/\/www.webnauta.it\/wordpress\/wp-json\/wp\/v2\/users\/1"}],"replies":[{"embeddable":true,"href":"https:\/\/www.webnauta.it\/wordpress\/wp-json\/wp\/v2\/comments?post=17631"}],"version-history":[{"count":3,"href":"https:\/\/www.webnauta.it\/wordpress\/wp-json\/wp\/v2\/pages\/17631\/revisions"}],"predecessor-version":[{"id":17698,"href":"https:\/\/www.webnauta.it\/wordpress\/wp-json\/wp\/v2\/pages\/17631\/revisions\/17698"}],"wp:featuredmedia":[{"embeddable":true,"href":"https:\/\/www.webnauta.it\/wordpress\/wp-json\/wp\/v2\/media\/17573"}],"wp:attachment":[{"href":"https:\/\/www.webnauta.it\/wordpress\/wp-json\/wp\/v2\/media?parent=17631"}],"curies":[{"name":"wp","href":"https:\/\/api.w.org\/{rel}","templated":true}]}}