{"id":12543,"date":"2018-05-21T23:16:22","date_gmt":"2018-05-21T21:16:22","guid":{"rendered":"http:\/\/www.webnauta.it\/wordpress\/?page_id=12543"},"modified":"2023-12-29T19:03:22","modified_gmt":"2023-12-29T18:03:22","slug":"privacy-policy","status":"publish","type":"page","link":"https:\/\/www.webnauta.it\/wordpress\/privacy-policy\/","title":{"rendered":"A bordo in tutta sicurezza (Privacy policy)"},"content":{"rendered":"<h2><a href=\"http:\/\/www.webnauta.it\/wordpress\/wp-content\/uploads\/2018\/05\/webnauta_privacy_policy.jpg\"><img loading=\"lazy\" decoding=\"async\" class=\"size-full wp-image-12595 aligncenter\" src=\"http:\/\/www.webnauta.it\/wordpress\/wp-content\/uploads\/2018\/05\/webnauta_privacy_policy.jpg\" alt=\"webnauta - navigatore in un oceano di parole - privacy policy\" width=\"640\" height=\"427\" srcset=\"https:\/\/www.webnauta.it\/wordpress\/wp-content\/uploads\/2018\/05\/webnauta_privacy_policy.jpg 640w, https:\/\/www.webnauta.it\/wordpress\/wp-content\/uploads\/2018\/05\/webnauta_privacy_policy-300x200.jpg 300w, https:\/\/www.webnauta.it\/wordpress\/wp-content\/uploads\/2018\/05\/webnauta_privacy_policy-600x400.jpg 600w\" sizes=\"auto, (max-width: 640px) 100vw, 640px\" \/><\/a><\/h2>\n<p>&nbsp;<\/p>\n<h2><span style=\"color: #016eaf;\">Chi siamo<\/span><\/h2>\n<p>L&#8217;indirizzo di questo sito web \u00e8 https:\/\/www.webnauta.it. Il sito \u00e8 gestito da Barbara Businaro, titolare dello stesso dominio.<\/p>\n<p>In qualsiasi momento potete contattarmi all&#8217;indirizzo email <span style=\"color: #016eaf;\"><strong>barbara.businaro@webnauta.it<\/strong><\/span> o con il modulo di contatto alla voce di men\u00f9 &#8220;Scrivimi&#8221; in alto.<\/p>\n<h2><span style=\"color: #016eaf;\">Quali dati personali raccogliamo e perch\u00e9 li raccogliamo<\/span><\/h2>\n<h3>Commenti<\/h3>\n<p>Quando i visitatori lasciano commenti sul sito, raccogliamo i dati mostrati nel modulo dei commenti e anche l&#8217;indirizzo IP del visitatore e la stringa del user agent del browser per aiutare il rilevamento dello spam tramite il servizio Akismet (<a href=\"https:\/\/akismet.com\/\" target=\"_blank\" rel=\"noopener noreferrer\">https:\/\/akismet.com\/<\/a>).<\/p>\n<p>Una stringa anonimizzata creata dal tuo indirizzo email (anche chiamato <em>hash<\/em>) pu\u00f2 essere fornita al servizio Gravatar per vedere se lo stai utilizzando. La privacy policy del servizio Gravatar \u00e8 disponibile qui: <a href=\"https:\/\/automattic.com\/privacy\/\" target=\"_blank\" rel=\"noopener noreferrer\">https:\/\/automattic.com\/privacy\/<\/a>. Dopo l&#8217;approvazione del tuo commento, la tua immagine del profilo \u00e8 visibile al pubblico nel contesto del tuo commento.<\/p>\n<p>Per favorire l&#8217;interazione e la discussione per ogni post, i visitatori possono scegliere di iscriversi al servizio di notifica per ogni nuovo commento inserito dagli altri utenti: riceveranno una mail ad ogni nuovo commento ed ognuna contiene i collegamenti per gestire o annullare l&#8217;iscrizione al servizio stesso. Con l&#8217;iscrizione, salviamo l&#8217;indirizzo email del visitatore e registriamo un file di log per 30 giorni\u00a0ai fini di monitorare il servizio di invio delle notifiche.<\/p>\n<h3>Modulo di contatto<\/h3>\n<p>I visitatori possono utilizzare il modulo di contatto\u00a0alla voce di men\u00f9 &#8220;Scrivimi&#8221; in alto per inviare una mail diretta al gestore del sito. Sono richiesti obbligatoriamente un nome ed un indirizzo email, per consentire la risposta alla richiesta. Il modulo invia una mail diretta ai nostri indirizzi email, registriamo\u00a0un file di log degli invii dei moduli di contatto per 30 giorni ai fini di monitorare il servizio ed evitare di perdere contatti in caso di errori, ma non si utilizzano le informazioni inviate attraverso di loro per scopi di marketing.<\/p>\n<h3>Cookie<\/h3>\n<p>Se lasci un commento su questo sito, puoi scegliere di salvare il tuo nome, indirizzo email e sito web nei cookie. Sono per la tua comodit\u00e0 in modo che tu non debba riempire nuovamente i tuoi dati quando lasci un altro commento. Questi cookie, gestiti direttamente dal sito, rimarranno di default attivi per un anno.<\/p>\n<p>La Cookies Policy completa del blog \u00e8 visualizzabile <a href=\"https:\/\/www.webnauta.it\/wordpress\/cookies-policy\/\"><strong>qui<\/strong><\/a>.<\/p>\n<h3>Contenuto incorporato da altri siti web<\/h3>\n<p>Gli articoli su questo sito possono includere contenuti incorporati (ad esempio video, immagini, articoli, ecc.). I contenuti incorporati di altri siti web si comportano esattamente nello stesso modo in cui il visitatore ha visitato l&#8217;altro sito web.<\/p>\n<p>Questi siti web possono raccogliere dati su di te, utilizzare cookie, integrare ulteriori tracciamenti di terze parti, e monitorare l&#8217;interazione con quel contenuto incorporato, incluso il tracciare la tua interazione con il contenuto incorporato se hai un account e sei connesso a quel sito web.<\/p>\n<h3>Statistiche con Google Analytics<\/h3>\n<p>Questo sito web utilizza Google Analytics, un servizio di analisi web fornito da Google, Inc. (\u201cGoogle\u201d). Google utilizza i cookie ed esamina i dati di utilizzo del presente sito per compilare report e condividerli con gli altri servizi sviluppati da Google. Google potrebbe utilizzare gli stessi dati per contestualizzare e personalizzare gli annunci del proprio network pubblicitario.<\/p>\n<p>Soggetto aderente al Privacy Shield. Ulteriori informazioni disponibili sulla documentazione del produttore: <a href=\"https:\/\/www.google.com\/intl\/it\/policies\/privacy\/\" target=\"_blank\" rel=\"noopener noreferrer\">https:\/\/www.google.com\/intl\/it\/policies\/privacy\/<\/a><br \/>\nPotete anche utilizzare il componente aggiuntivo del browser per la disattivazione di Google Analytics (Opt Out): <a href=\"https:\/\/tools.google.com\/dlpage\/gaoptout?hl=it\" target=\"_blank\" rel=\"noopener noreferrer\">https:\/\/tools.google.com\/dlpage\/gaoptout?hl=it<\/a><\/p>\n<p>La Cookies Policy completa del blog \u00e8 visualizzabile <a href=\"https:\/\/www.webnauta.it\/wordpress\/cookies-policy\/\"><strong>qui<\/strong><\/a>.<\/p>\n<h3 class=\"expand-click w_icon_24 policyicon_purpose_4737722\">Condivisione su social network e piattaforme esterne con AddToAny<\/h3>\n<p>AddToAny Share Buttons \u00e8 un servizio che visualizza un widget per l\u2019interazione con social network e piattaforme esterne e la condivisione dei contenuti di questo sito. A seconda della configurazione, questo servizio pu\u00f2 mostrare widget appartenenti a terze parti, come i gestori dei social network su cui condividere le interazioni (Facebook, Twitter\/X, Instagram, Threads, ecc.). In questo caso, anche le terze parti che erogano il widget verranno a conoscenza dell&#8217;interazione effettuata e dei dati di utilizzo relativi alle pagine in cui questo servizio \u00e8 installato.<\/p>\n<p>Ulteriori informazioni disponibili sulla documentazione del plugin: <a href=\"https:\/\/www.addtoany.com\/privacy\" target=\"_blank\" rel=\"noopener\">https:\/\/www.addtoany.com\/privacy<\/a><\/p>\n<h3>Mailing list e newsletter con MailPoet<\/h3>\n<p>Con la registrazione alla mailing list o alla newsletter, l\u2019indirizzo email dell\u2019utente viene salvato all&#8217;interno di una lista di contatti gestita dal componente MailPoet.\u00a0Solo quando l&#8217;utente conferma la registrazione tramite il link che gli viene inviato con apposita notifica, verr\u00e0 effettivamente salvato nella lista di invio e gli potranno essere trasmessi messaggi email contenenti informazioni, anche di natura commerciale e promozionale. Gli indirizzi email non confermati vengono automaticamente eliminati dopo 30 giorni dall&#8217;invio della prima notifica.<\/p>\n<p>In qualsiasi momento gli utenti possono vedere, modificare o cancellare la registrazione dai link inseriti in calce ad ogni newsletter ricevuta o inviando una richiesta specifica all&#8217;indirizzo email <span style=\"color: #016eaf;\"><strong>barbara.businaro@webnauta.it<\/strong><\/span>. MailPoet non raccoglie dati comportamentali e\u00a0non memorizza le email inviate utilizzando il servizio di invio di MailPoet. Ulteriori informazioni disponibili sulla documentazione del produttore: <a href=\"https:\/\/www.mailpoet.com\/privacy-notice\/\" target=\"_blank\" rel=\"noopener noreferrer\">https:\/\/www.mailpoet.com\/privacy-notice\/<\/a><\/p>\n<h2><span style=\"color: #016eaf;\">Con chi condividiamo i tuoi dati<\/span><\/h2>\n<p>I commenti dei visitatori possono essere controllati attraverso il servizio di rilevamento automatico dello spam\u00a0Akismet (<a href=\"https:\/\/akismet.com\/\" target=\"_blank\" rel=\"noopener noreferrer\">https:\/\/akismet.com\/<\/a>). Per l&#8217;analisi del commento, vengono inviati nome, indirizzo email e sito web del visitatore in analisi ai server Akismet, gestiti dalla societ\u00e0 Automattic. I dati non sono comunque n\u00e9 ceduti n\u00e9 venduti ad Akismet, che non ha il diritto di utilizzarli per altri scopi se non quelli di analisi e protezione dallo spam. Ulteriori informazioni disponibili sulla documentazione del produttore:\u00a0 <a href=\"https:\/\/automattic.com\/automattic-and-the-general-data-protection-regulation-gdpr\/\" target=\"_blank\" rel=\"noopener noreferrer\">https:\/\/automattic.com\/automattic-and-the-general-data-protection-regulation-gdpr\/<\/a><\/p>\n<h2><span style=\"color: #016eaf;\">Per quanto tempo conserviamo i tuoi dati<\/span><\/h2>\n<p>Se si lascia un commento, il commento e i relativi metadati vengono conservati a tempo indeterminato. \u00c8 cos\u00ec che possiamo riconoscere e approvare automaticamente eventuali commenti di follow-up invece di tenerli in una coda di moderazione.<\/p>\n<p>Per gli utenti che si registrano alla newsletter, memorizziamo anche l&#8217;indirizzo email che forniscono per l&#8217;iscrizione. Questo dato non ha scadenza, ma in qualsiasi momento gli utenti possono vedere, modificare o cancellare la registrazione dai link inseriti in calce ad ogni newsletter ricevuta o inviando una richiesta specifica all&#8217;indirizzo email <span style=\"color: #016eaf;\"><strong>barbara.businaro@webnauta.it<\/strong><\/span>.<\/p>\n<h2><span style=\"color: #016eaf;\">Quali diritti hai sui tuoi dati<\/span><\/h2>\n<p>Se hai lasciato commenti su questo sito, puoi richiedere di ricevere un file esportato dal sito con i dati personali che abbiamo su di te, compresi i dati che ci hai fornito. Puoi anche richiedere che cancelliamo tutti i dati personali che ti riguardano. Questo non include i dati che siamo obbligati a conservare per scopi amministrativi, legali o di sicurezza.<\/p>\n<h2><span style=\"color: #016eaf;\">Le tue informazioni di contatto<\/span><\/h2>\n<p>In qualsiasi momento potete contattarmi per richiedere altre informazioni all&#8217;indirizzo email <span style=\"color: #016eaf;\"><strong>barbara.businaro@webnauta.it<\/strong><\/span> o con il modulo di contatto alla voce di men\u00f9 &#8220;Scrivimi&#8221; in alto.<\/p>\n<p>La presente informativa privacy \u00e8 redatta in adempimento\u00a0dell\u2019art. 13 del D. Lgs. 196\/2003 (di seguito \u201cCodice Privacy\u201d) e dell\u2019art. 13 del Regolamento UE n. 2016\/679 (di seguito \u201cGDPR\u201d).<\/p>\n","protected":false},"excerpt":{"rendered":"<p>&nbsp; Chi siamo L&#8217;indirizzo di questo sito web \u00e8 https:\/\/www.webnauta.it. Il sito \u00e8 gestito da Barbara Businaro, titolare dello stesso dominio. In qualsiasi momento potete contattarmi all&#8217;indirizzo email barbara.businaro@webnauta.it o con il modulo di contatto alla voce di men\u00f9 &#8220;Scrivimi&#8221; in alto. Quali dati personali raccogliamo e perch\u00e9 li raccogliamo Commenti Quando i visitatori lasciano [&hellip;]<\/p>\n","protected":false},"author":1,"featured_media":12595,"parent":0,"menu_order":0,"comment_status":"closed","ping_status":"closed","template":"","meta":{"_monsterinsights_skip_tracking":false,"_monsterinsights_sitenote_active":false,"_monsterinsights_sitenote_note":"","_monsterinsights_sitenote_category":0,"footnotes":""},"class_list":["post-12543","page","type-page","status-publish","has-post-thumbnail","hentry"],"yoast_head":"<!-- This site is optimized with the Yoast SEO Premium plugin v26.8 (Yoast SEO v26.8) - https:\/\/yoast.com\/product\/yoast-seo-premium-wordpress\/ -->\n<title>A bordo in tutta sicurezza (Privacy policy) - webnauta<\/title>\n<meta name=\"description\" content=\"Privacy policy: quali dati personali raccogliamo e perch\u00e9 li raccogliamo, tutte le informazioni per la tua privacy e la tua sicurezza...webnauta - navigatore in un oceano di parole\" \/>\n<meta name=\"robots\" content=\"index, follow, max-snippet:-1, max-image-preview:large, max-video-preview:-1\" \/>\n<link rel=\"canonical\" href=\"https:\/\/www.webnauta.it\/wordpress\/privacy-policy\/\" \/>\n<meta property=\"og:locale\" content=\"it_IT\" \/>\n<meta property=\"og:type\" content=\"article\" \/>\n<meta property=\"og:title\" content=\"A bordo in tutta sicurezza (Privacy policy)\" \/>\n<meta property=\"og:description\" content=\"Privacy policy: quali dati personali raccogliamo e perch\u00e9 li raccogliamo, tutte le informazioni per la tua privacy e la tua sicurezza...webnauta - navigatore in un oceano di parole\" \/>\n<meta property=\"og:url\" content=\"https:\/\/www.webnauta.it\/wordpress\/privacy-policy\/\" \/>\n<meta property=\"og:site_name\" content=\"webnauta\" \/>\n<meta property=\"article:publisher\" content=\"http:\/\/www.facebook.com\/barbara.businaro.9\" \/>\n<meta property=\"article:modified_time\" content=\"2023-12-29T18:03:22+00:00\" \/>\n<meta property=\"og:image\" content=\"https:\/\/www.webnauta.it\/wordpress\/wp-content\/uploads\/2018\/05\/webnauta_privacy_policy.jpg\" \/>\n\t<meta property=\"og:image:width\" content=\"640\" \/>\n\t<meta property=\"og:image:height\" content=\"427\" \/>\n\t<meta property=\"og:image:type\" content=\"image\/jpeg\" \/>\n<meta name=\"twitter:card\" content=\"summary_large_image\" \/>\n<meta name=\"twitter:site\" content=\"@barbarawebnauta\" \/>\n<meta name=\"twitter:label1\" content=\"Tempo di lettura stimato\" \/>\n\t<meta name=\"twitter:data1\" content=\"7 minuti\" \/>\n<script type=\"application\/ld+json\" class=\"yoast-schema-graph\">{\"@context\":\"https:\/\/schema.org\",\"@graph\":[{\"@type\":\"WebPage\",\"@id\":\"https:\/\/www.webnauta.it\/wordpress\/privacy-policy\/\",\"url\":\"https:\/\/www.webnauta.it\/wordpress\/privacy-policy\/\",\"name\":\"A bordo in tutta sicurezza (Privacy policy) - webnauta\",\"isPartOf\":{\"@id\":\"https:\/\/www.webnauta.it\/wordpress\/#website\"},\"primaryImageOfPage\":{\"@id\":\"https:\/\/www.webnauta.it\/wordpress\/privacy-policy\/#primaryimage\"},\"image\":{\"@id\":\"https:\/\/www.webnauta.it\/wordpress\/privacy-policy\/#primaryimage\"},\"thumbnailUrl\":\"https:\/\/www.webnauta.it\/wordpress\/wp-content\/uploads\/2018\/05\/webnauta_privacy_policy.jpg\",\"datePublished\":\"2018-05-21T21:16:22+00:00\",\"dateModified\":\"2023-12-29T18:03:22+00:00\",\"description\":\"Privacy policy: quali dati personali raccogliamo e perch\u00e9 li raccogliamo, tutte le informazioni per la tua privacy e la tua sicurezza...webnauta - navigatore in un oceano di parole\",\"breadcrumb\":{\"@id\":\"https:\/\/www.webnauta.it\/wordpress\/privacy-policy\/#breadcrumb\"},\"inLanguage\":\"it-IT\",\"potentialAction\":[{\"@type\":\"ReadAction\",\"target\":[\"https:\/\/www.webnauta.it\/wordpress\/privacy-policy\/\"]}]},{\"@type\":\"ImageObject\",\"inLanguage\":\"it-IT\",\"@id\":\"https:\/\/www.webnauta.it\/wordpress\/privacy-policy\/#primaryimage\",\"url\":\"https:\/\/www.webnauta.it\/wordpress\/wp-content\/uploads\/2018\/05\/webnauta_privacy_policy.jpg\",\"contentUrl\":\"https:\/\/www.webnauta.it\/wordpress\/wp-content\/uploads\/2018\/05\/webnauta_privacy_policy.jpg\",\"width\":640,\"height\":427,\"caption\":\"webnauta - navigatore in un oceano di parole - privacy policy\"},{\"@type\":\"BreadcrumbList\",\"@id\":\"https:\/\/www.webnauta.it\/wordpress\/privacy-policy\/#breadcrumb\",\"itemListElement\":[{\"@type\":\"ListItem\",\"position\":1,\"name\":\"Home\",\"item\":\"https:\/\/www.webnauta.it\/wordpress\/\"},{\"@type\":\"ListItem\",\"position\":2,\"name\":\"A bordo in tutta sicurezza (Privacy policy)\"}]},{\"@type\":\"WebSite\",\"@id\":\"https:\/\/www.webnauta.it\/wordpress\/#website\",\"url\":\"https:\/\/www.webnauta.it\/wordpress\/\",\"name\":\"webnauta\",\"description\":\"navigatore in un oceano di parole\",\"publisher\":{\"@id\":\"https:\/\/www.webnauta.it\/wordpress\/#\/schema\/person\/9a1f7a6e3b52bbe5b9d265d2d671d1a1\"},\"potentialAction\":[{\"@type\":\"SearchAction\",\"target\":{\"@type\":\"EntryPoint\",\"urlTemplate\":\"https:\/\/www.webnauta.it\/wordpress\/?s={search_term_string}\"},\"query-input\":{\"@type\":\"PropertyValueSpecification\",\"valueRequired\":true,\"valueName\":\"search_term_string\"}}],\"inLanguage\":\"it-IT\"},{\"@type\":[\"Person\",\"Organization\"],\"@id\":\"https:\/\/www.webnauta.it\/wordpress\/#\/schema\/person\/9a1f7a6e3b52bbe5b9d265d2d671d1a1\",\"name\":\"Barbara Businaro\",\"image\":{\"@type\":\"ImageObject\",\"inLanguage\":\"it-IT\",\"@id\":\"https:\/\/www.webnauta.it\/wordpress\/#\/schema\/person\/image\/\",\"url\":\"https:\/\/www.webnauta.it\/wordpress\/wp-content\/uploads\/2020\/02\/BarbaraBusinaro2020_rounded.png\",\"contentUrl\":\"https:\/\/www.webnauta.it\/wordpress\/wp-content\/uploads\/2020\/02\/BarbaraBusinaro2020_rounded.png\",\"width\":500,\"height\":512,\"caption\":\"Barbara Businaro\"},\"logo\":{\"@id\":\"https:\/\/www.webnauta.it\/wordpress\/#\/schema\/person\/image\/\"},\"description\":\"webnauta.it \u2022 Blog personale di Barbara Businaro \u2022 Scrivo, tra una tempesta e l''altra. Chiunque pu\u00f2 tenere il timone quando il mare \u00e8 calmo.\",\"sameAs\":[\"http:\/\/www.webnauta.it\",\"http:\/\/www.facebook.com\/barbara.businaro.9\",\"https:\/\/www.instagram.com\/barbarawebnauta\/\",\"https:\/\/x.com\/barbarawebnauta\"]}]}<\/script>\n<!-- \/ Yoast SEO Premium plugin. -->","yoast_head_json":{"title":"A bordo in tutta sicurezza (Privacy policy) - webnauta","description":"Privacy policy: quali dati personali raccogliamo e perch\u00e9 li raccogliamo, tutte le informazioni per la tua privacy e la tua sicurezza...webnauta - navigatore in un oceano di parole","robots":{"index":"index","follow":"follow","max-snippet":"max-snippet:-1","max-image-preview":"max-image-preview:large","max-video-preview":"max-video-preview:-1"},"canonical":"https:\/\/www.webnauta.it\/wordpress\/privacy-policy\/","og_locale":"it_IT","og_type":"article","og_title":"A bordo in tutta sicurezza (Privacy policy)","og_description":"Privacy policy: quali dati personali raccogliamo e perch\u00e9 li raccogliamo, tutte le informazioni per la tua privacy e la tua sicurezza...webnauta - navigatore in un oceano di parole","og_url":"https:\/\/www.webnauta.it\/wordpress\/privacy-policy\/","og_site_name":"webnauta","article_publisher":"http:\/\/www.facebook.com\/barbara.businaro.9","article_modified_time":"2023-12-29T18:03:22+00:00","og_image":[{"width":640,"height":427,"url":"https:\/\/www.webnauta.it\/wordpress\/wp-content\/uploads\/2018\/05\/webnauta_privacy_policy.jpg","type":"image\/jpeg"}],"twitter_card":"summary_large_image","twitter_site":"@barbarawebnauta","twitter_misc":{"Tempo di lettura stimato":"7 minuti"},"schema":{"@context":"https:\/\/schema.org","@graph":[{"@type":"WebPage","@id":"https:\/\/www.webnauta.it\/wordpress\/privacy-policy\/","url":"https:\/\/www.webnauta.it\/wordpress\/privacy-policy\/","name":"A bordo in tutta sicurezza (Privacy policy) - webnauta","isPartOf":{"@id":"https:\/\/www.webnauta.it\/wordpress\/#website"},"primaryImageOfPage":{"@id":"https:\/\/www.webnauta.it\/wordpress\/privacy-policy\/#primaryimage"},"image":{"@id":"https:\/\/www.webnauta.it\/wordpress\/privacy-policy\/#primaryimage"},"thumbnailUrl":"https:\/\/www.webnauta.it\/wordpress\/wp-content\/uploads\/2018\/05\/webnauta_privacy_policy.jpg","datePublished":"2018-05-21T21:16:22+00:00","dateModified":"2023-12-29T18:03:22+00:00","description":"Privacy policy: quali dati personali raccogliamo e perch\u00e9 li raccogliamo, tutte le informazioni per la tua privacy e la tua sicurezza...webnauta - navigatore in un oceano di parole","breadcrumb":{"@id":"https:\/\/www.webnauta.it\/wordpress\/privacy-policy\/#breadcrumb"},"inLanguage":"it-IT","potentialAction":[{"@type":"ReadAction","target":["https:\/\/www.webnauta.it\/wordpress\/privacy-policy\/"]}]},{"@type":"ImageObject","inLanguage":"it-IT","@id":"https:\/\/www.webnauta.it\/wordpress\/privacy-policy\/#primaryimage","url":"https:\/\/www.webnauta.it\/wordpress\/wp-content\/uploads\/2018\/05\/webnauta_privacy_policy.jpg","contentUrl":"https:\/\/www.webnauta.it\/wordpress\/wp-content\/uploads\/2018\/05\/webnauta_privacy_policy.jpg","width":640,"height":427,"caption":"webnauta - navigatore in un oceano di parole - privacy policy"},{"@type":"BreadcrumbList","@id":"https:\/\/www.webnauta.it\/wordpress\/privacy-policy\/#breadcrumb","itemListElement":[{"@type":"ListItem","position":1,"name":"Home","item":"https:\/\/www.webnauta.it\/wordpress\/"},{"@type":"ListItem","position":2,"name":"A bordo in tutta sicurezza (Privacy policy)"}]},{"@type":"WebSite","@id":"https:\/\/www.webnauta.it\/wordpress\/#website","url":"https:\/\/www.webnauta.it\/wordpress\/","name":"webnauta","description":"navigatore in un oceano di parole","publisher":{"@id":"https:\/\/www.webnauta.it\/wordpress\/#\/schema\/person\/9a1f7a6e3b52bbe5b9d265d2d671d1a1"},"potentialAction":[{"@type":"SearchAction","target":{"@type":"EntryPoint","urlTemplate":"https:\/\/www.webnauta.it\/wordpress\/?s={search_term_string}"},"query-input":{"@type":"PropertyValueSpecification","valueRequired":true,"valueName":"search_term_string"}}],"inLanguage":"it-IT"},{"@type":["Person","Organization"],"@id":"https:\/\/www.webnauta.it\/wordpress\/#\/schema\/person\/9a1f7a6e3b52bbe5b9d265d2d671d1a1","name":"Barbara Businaro","image":{"@type":"ImageObject","inLanguage":"it-IT","@id":"https:\/\/www.webnauta.it\/wordpress\/#\/schema\/person\/image\/","url":"https:\/\/www.webnauta.it\/wordpress\/wp-content\/uploads\/2020\/02\/BarbaraBusinaro2020_rounded.png","contentUrl":"https:\/\/www.webnauta.it\/wordpress\/wp-content\/uploads\/2020\/02\/BarbaraBusinaro2020_rounded.png","width":500,"height":512,"caption":"Barbara Businaro"},"logo":{"@id":"https:\/\/www.webnauta.it\/wordpress\/#\/schema\/person\/image\/"},"description":"webnauta.it \u2022 Blog personale di Barbara Businaro \u2022 Scrivo, tra una tempesta e l''altra. Chiunque pu\u00f2 tenere il timone quando il mare \u00e8 calmo.","sameAs":["http:\/\/www.webnauta.it","http:\/\/www.facebook.com\/barbara.businaro.9","https:\/\/www.instagram.com\/barbarawebnauta\/","https:\/\/x.com\/barbarawebnauta"]}]}},"_links":{"self":[{"href":"https:\/\/www.webnauta.it\/wordpress\/wp-json\/wp\/v2\/pages\/12543","targetHints":{"allow":["GET"]}}],"collection":[{"href":"https:\/\/www.webnauta.it\/wordpress\/wp-json\/wp\/v2\/pages"}],"about":[{"href":"https:\/\/www.webnauta.it\/wordpress\/wp-json\/wp\/v2\/types\/page"}],"author":[{"embeddable":true,"href":"https:\/\/www.webnauta.it\/wordpress\/wp-json\/wp\/v2\/users\/1"}],"replies":[{"embeddable":true,"href":"https:\/\/www.webnauta.it\/wordpress\/wp-json\/wp\/v2\/comments?post=12543"}],"version-history":[{"count":2,"href":"https:\/\/www.webnauta.it\/wordpress\/wp-json\/wp\/v2\/pages\/12543\/revisions"}],"predecessor-version":[{"id":29425,"href":"https:\/\/www.webnauta.it\/wordpress\/wp-json\/wp\/v2\/pages\/12543\/revisions\/29425"}],"wp:featuredmedia":[{"embeddable":true,"href":"https:\/\/www.webnauta.it\/wordpress\/wp-json\/wp\/v2\/media\/12595"}],"wp:attachment":[{"href":"https:\/\/www.webnauta.it\/wordpress\/wp-json\/wp\/v2\/media?parent=12543"}],"curies":[{"name":"wp","href":"https:\/\/api.w.org\/{rel}","templated":true}]}}